{"id":1034,"date":"2023-02-17T17:13:58","date_gmt":"2023-02-17T17:13:58","guid":{"rendered":"https:\/\/18.185.103.178\/?page_id=1034"},"modified":"2024-07-09T15:33:45","modified_gmt":"2024-07-09T13:33:45","slug":"impressum","status":"publish","type":"page","link":"https:\/\/ch.mycannabisofficial.com\/de_ch\/impressum\/","title":{"rendered":"Impressum"},"content":{"rendered":"<p>360Grad-Apotheke<br>Jan Preuss e.K.<br>Bonner Stra\u00dfe 237<br>40589 D\u00fcsseldorf<\/p>\n\n\n\n<p>Rechtsform: e.K.<\/p>\n\n\n\n<p>Telefon: (0211) 4187 3252<\/p>\n\n\n\n<p>Fax: (0211) 6954 9020&nbsp;<\/p>\n\n\n\n<p>E-Mail: <a href=\"mailto:kundenservice@ch.mycannabisofficial.com\" data-auto-recognition=\"true\">kundenservice@ch.mycannabisofficial.com<\/a><\/p>\n\n\n\n<p>Registergericht<\/p>\n\n\n\n<p>Amtsgericht D\u00fcsseldorf<\/p>\n\n\n\n<p>Handelsregisternummer: HRA27134<\/p>\n\n\n\n<p>Zust\u00e4ndige Aufsichtsbeh\u00f6rde<\/p>\n\n\n\n<p>Stadt D\u00fcsseldorf<br>Gesundheitsamt<br>Amtsapotheker\/in<br>Erkrather Stra\u00dfe 377-389<br>40231 D\u00fcsseldorf<br>amtsapotheker@duesseldorf.de<br>https:\/\/www.duesseldorf.de\/gesundheitsamt\/gesundheitsschutz\/kommunale-arzneimittelueberwachung.html<\/p>\n\n\n\n<p>Zust\u00e4ndige Kammer<\/p>\n\n\n\n<p>Apothekerkammer Nordrhein<br>Poststr. 4<br>40213 D\u00fcsseldorf<br>info@aknr.de<br>https:\/\/www.aknr.de<\/p>\n\n\n\n<p>Zust\u00e4ndiger Apothekerverband<\/p>\n\n\n\n<p>Apothekerverband Nordrhein e.V.<br>Tersteegenstr. 12<br>40474 D\u00fcsseldorf<br>info@av-nr.de<br>https:\/\/www.av-nr.de<\/p>\n\n\n\n<p>Gesetzliche Berufsbezeichnung<\/p>\n\n\n\n<p>Apotheker<br>Staat, der die Berufsbezeichnung verliehen hat:<br>Deutschland<\/p>\n\n\n\n<p>Berufsrechtliche Regelung<\/p>\n\n\n\n<p>Apothekenbetriebsordnung NRW<br>http:\/\/www.aknr.de<\/p>\n\n\n\n<p>Bundes-Apothekenordnung<\/p>\n\n\n\n<p><a href=\"http:\/\/www.gesetze-im-internet.de\/\" target=\"_blank\" rel=\"noopener\" data-auto-recognition=\"true\">http:\/\/www.gesetze-im-internet.de<\/a><\/p>\n\n\n\n<p>Apothekengesetz<\/p>\n\n\n\n<p><a href=\"http:\/\/www.gesetze-im-internet.de\/\" target=\"_blank\" rel=\"noopener\" data-auto-recognition=\"true\">http:\/\/www.gesetze-im-internet.de<\/a><\/p>\n\n\n\n<p>Apothekenbetriebsordnung<\/p>\n\n\n\n<p><a href=\"http:\/\/www.gesetze-im-internet.de\/\" target=\"_blank\" rel=\"noopener\" data-auto-recognition=\"true\">http:\/\/www.gesetze-im-internet.de<\/a><\/p>\n\n\n\n<p>Umsatzsteuer-Identifikationsnummer: DE355237839<\/p>\n\n\n\n<p>Streitbeilegungsverfahren nach dem Verbraucherstreitbeilegungsgesetz \u2013 VSBG:<\/p>\n\n\n\n<p>Wir sind nicht bereit und nicht verpflichtet an Streitbeilegungsverfahren vor einer Verbraucherschlichtungsstelle teilzunehmen.<\/p>","protected":false},"excerpt":{"rendered":"<p>360Grad-ApothekeJan Preuss e.K.Bonner Stra\u00dfe 23740589 D\u00fcsseldorf Rechtsform: e.K. Telefon: (0211) 4187 3252 Fax: (0211) 6954 9020&nbsp; E-Mail: kundenservice@ch.mycannabisofficial.com Registergericht Amtsgericht D\u00fcsseldorf Handelsregisternummer: HRA27134 Zust\u00e4ndige Aufsichtsbeh\u00f6rde Stadt D\u00fcsseldorfGesundheitsamtAmtsapotheker\/inErkrather Stra\u00dfe 377-38940231 D\u00fcsseldorfamtsapotheker@duesseldorf.dehttps:\/\/www.duesseldorf.de\/gesundheitsamt\/gesundheitsschutz\/kommunale-arzneimittelueberwachung.html Zust\u00e4ndige Kammer Apothekerkammer NordrheinPoststr. 440213 D\u00fcsseldorfinfo@aknr.dehttps:\/\/www.aknr.de Zust\u00e4ndiger Apothekerverband Apothekerverband Nordrhein e.V.Tersteegenstr. 1240474 D\u00fcsseldorfinfo@av-nr.dehttps:\/\/www.av-nr.de Gesetzliche Berufsbezeichnung ApothekerStaat, der die Berufsbezeichnung verliehen hat:Deutschland Berufsrechtliche Regelung Apothekenbetriebsordnung NRWhttp:\/\/www.aknr.de [&hellip;]<\/p>\n","protected":false},"author":4,"featured_media":0,"parent":0,"menu_order":0,"comment_status":"closed","ping_status":"closed","template":"","meta":{"_acf_changed":false,"footnotes":""},"class_list":["post-1034","page","type-page","status-publish","hentry"],"acf":[],"yoast_head":"<!-- This site is optimized with the Yoast SEO plugin v26.9 - https:\/\/yoast.com\/product\/yoast-seo-wordpress\/ -->\n<title>Impressum | mycannabis<\/title>\n<meta name=\"robots\" content=\"noindex, follow, max-snippet:-1, max-image-preview:large, max-video-preview:-1\" \/>\n<meta property=\"og:locale\" content=\"de_DE\" \/>\n<meta property=\"og:type\" content=\"article\" \/>\n<meta property=\"og:title\" content=\"Impressum | mycannabis\" \/>\n<meta property=\"og:description\" content=\"360Grad-ApothekeJan Preuss e.K.Bonner Stra\u00dfe 23740589 D\u00fcsseldorf Rechtsform: e.K. Telefon: (0211) 4187 3252 Fax: (0211) 6954 9020&nbsp; E-Mail: kundenservice@ch.mycannabisofficial.com Registergericht Amtsgericht D\u00fcsseldorf Handelsregisternummer: HRA27134 Zust\u00e4ndige Aufsichtsbeh\u00f6rde Stadt D\u00fcsseldorfGesundheitsamtAmtsapotheker\/inErkrather Stra\u00dfe 377-38940231 D\u00fcsseldorfamtsapotheker@duesseldorf.dehttps:\/\/www.duesseldorf.de\/gesundheitsamt\/gesundheitsschutz\/kommunale-arzneimittelueberwachung.html Zust\u00e4ndige Kammer Apothekerkammer NordrheinPoststr. 440213 D\u00fcsseldorfinfo@aknr.dehttps:\/\/www.aknr.de Zust\u00e4ndiger Apothekerverband Apothekerverband Nordrhein e.V.Tersteegenstr. 1240474 D\u00fcsseldorfinfo@av-nr.dehttps:\/\/www.av-nr.de Gesetzliche Berufsbezeichnung ApothekerStaat, der die Berufsbezeichnung verliehen hat:Deutschland Berufsrechtliche Regelung Apothekenbetriebsordnung NRWhttp:\/\/www.aknr.de [&hellip;]\" \/>\n<meta property=\"og:url\" content=\"https:\/\/ch.mycannabisofficial.com\/de_ch\/impressum\/\" \/>\n<meta property=\"og:site_name\" content=\"Cannabis Apotheke - Cannabis auf Rezept | Mycannabis.de\" \/>\n<meta property=\"article:modified_time\" content=\"2024-07-09T13:33:45+00:00\" \/>\n<meta name=\"twitter:card\" content=\"summary_large_image\" \/>\n<script type=\"application\/ld+json\" class=\"yoast-schema-graph\">{\"@context\":\"https:\/\/schema.org\",\"@graph\":[{\"@type\":\"WebPage\",\"@id\":\"https:\/\/ch.mycannabisofficial.com\/impressum\/\",\"url\":\"https:\/\/ch.mycannabisofficial.com\/impressum\/\",\"name\":\"Impressum | mycannabis\",\"isPartOf\":{\"@id\":\"https:\/\/ch.mycannabisofficial.com\/#website\"},\"datePublished\":\"2023-02-17T17:13:58+00:00\",\"dateModified\":\"2024-07-09T13:33:45+00:00\",\"breadcrumb\":{\"@id\":\"https:\/\/ch.mycannabisofficial.com\/impressum\/#breadcrumb\"},\"inLanguage\":\"de-CH\",\"potentialAction\":[{\"@type\":\"ReadAction\",\"target\":[\"https:\/\/ch.mycannabisofficial.com\/impressum\/\"]}]},{\"@type\":\"BreadcrumbList\",\"@id\":\"https:\/\/ch.mycannabisofficial.com\/impressum\/#breadcrumb\",\"itemListElement\":[{\"@type\":\"ListItem\",\"position\":1,\"name\":\"Home\",\"item\":\"https:\/\/ch.mycannabisofficial.com\/\"},{\"@type\":\"ListItem\",\"position\":2,\"name\":\"Impressum\"}]},{\"@type\":\"WebSite\",\"@id\":\"https:\/\/ch.mycannabisofficial.com\/#website\",\"url\":\"https:\/\/ch.mycannabisofficial.com\/\",\"name\":\"Cannabis Apotheke - Cannabis auf Rezept | Mycannabis.de\",\"description\":\"Cannabis aus der Apotheke: L\u00f6sen Sie ihr Cannabisrezept online schnell &amp; einfach ein &amp; wir liefern es Ihnen bequem nach Hause. Mit Telefonberatung | Kostenloser Versand in Deutschland.\",\"publisher\":{\"@id\":\"https:\/\/ch.mycannabisofficial.com\/#organization\"},\"potentialAction\":[{\"@type\":\"SearchAction\",\"target\":{\"@type\":\"EntryPoint\",\"urlTemplate\":\"https:\/\/ch.mycannabisofficial.com\/?s={search_term_string}\"},\"query-input\":{\"@type\":\"PropertyValueSpecification\",\"valueRequired\":true,\"valueName\":\"search_term_string\"}}],\"inLanguage\":\"de-CH\"},{\"@type\":\"Organization\",\"@id\":\"https:\/\/ch.mycannabisofficial.com\/#organization\",\"name\":\"Cannabis Apotheke - Cannabis auf Rezept | Mycannabis.de\",\"url\":\"https:\/\/ch.mycannabisofficial.com\/\",\"logo\":{\"@type\":\"ImageObject\",\"inLanguage\":\"de-CH\",\"@id\":\"https:\/\/ch.mycannabisofficial.com\/#\/schema\/logo\/image\/\",\"url\":\"https:\/\/ch.mycannabisofficial.com\/wp-content\/uploads\/sites\/5\/2023\/06\/cropped-Mycannabis-DE-Logo-Master_Outlined-1.png\",\"contentUrl\":\"https:\/\/ch.mycannabisofficial.com\/wp-content\/uploads\/sites\/5\/2023\/06\/cropped-Mycannabis-DE-Logo-Master_Outlined-1.png\",\"width\":1920,\"height\":720,\"caption\":\"Cannabis Apotheke - Cannabis auf Rezept | Mycannabis.de\"},\"image\":{\"@id\":\"https:\/\/ch.mycannabisofficial.com\/#\/schema\/logo\/image\/\"}}]}<\/script>\n<!-- \/ Yoast SEO plugin. -->","yoast_head_json":{"title":"Impressum | mycannabis","robots":{"index":"noindex","follow":"follow","max-snippet":"max-snippet:-1","max-image-preview":"max-image-preview:large","max-video-preview":"max-video-preview:-1"},"og_locale":"de_DE","og_type":"article","og_title":"Impressum | mycannabis","og_description":"360Grad-ApothekeJan Preuss e.K.Bonner Stra\u00dfe 23740589 D\u00fcsseldorf Rechtsform: e.K. Telefon: (0211) 4187 3252 Fax: (0211) 6954 9020&nbsp; E-Mail: kundenservice@ch.mycannabisofficial.com Registergericht Amtsgericht D\u00fcsseldorf Handelsregisternummer: HRA27134 Zust\u00e4ndige Aufsichtsbeh\u00f6rde Stadt D\u00fcsseldorfGesundheitsamtAmtsapotheker\/inErkrather Stra\u00dfe 377-38940231 D\u00fcsseldorfamtsapotheker@duesseldorf.dehttps:\/\/www.duesseldorf.de\/gesundheitsamt\/gesundheitsschutz\/kommunale-arzneimittelueberwachung.html Zust\u00e4ndige Kammer Apothekerkammer NordrheinPoststr. 440213 D\u00fcsseldorfinfo@aknr.dehttps:\/\/www.aknr.de Zust\u00e4ndiger Apothekerverband Apothekerverband Nordrhein e.V.Tersteegenstr. 1240474 D\u00fcsseldorfinfo@av-nr.dehttps:\/\/www.av-nr.de Gesetzliche Berufsbezeichnung ApothekerStaat, der die Berufsbezeichnung verliehen hat:Deutschland Berufsrechtliche Regelung Apothekenbetriebsordnung NRWhttp:\/\/www.aknr.de [&hellip;]","og_url":"https:\/\/ch.mycannabisofficial.com\/de_ch\/impressum\/","og_site_name":"Cannabis Apotheke - Cannabis auf Rezept | Mycannabis.de","article_modified_time":"2024-07-09T13:33:45+00:00","twitter_card":"summary_large_image","schema":{"@context":"https:\/\/schema.org","@graph":[{"@type":"WebPage","@id":"https:\/\/ch.mycannabisofficial.com\/impressum\/","url":"https:\/\/ch.mycannabisofficial.com\/impressum\/","name":"Impressum | mycannabis","isPartOf":{"@id":"https:\/\/ch.mycannabisofficial.com\/#website"},"datePublished":"2023-02-17T17:13:58+00:00","dateModified":"2024-07-09T13:33:45+00:00","breadcrumb":{"@id":"https:\/\/ch.mycannabisofficial.com\/impressum\/#breadcrumb"},"inLanguage":"de-CH","potentialAction":[{"@type":"ReadAction","target":["https:\/\/ch.mycannabisofficial.com\/impressum\/"]}]},{"@type":"BreadcrumbList","@id":"https:\/\/ch.mycannabisofficial.com\/impressum\/#breadcrumb","itemListElement":[{"@type":"ListItem","position":1,"name":"Home","item":"https:\/\/ch.mycannabisofficial.com\/"},{"@type":"ListItem","position":2,"name":"Impressum"}]},{"@type":"WebSite","@id":"https:\/\/ch.mycannabisofficial.com\/#website","url":"https:\/\/ch.mycannabisofficial.com\/","name":"Cannabis Apotheke - Cannabis auf Rezept | Mycannabis.de","description":"Cannabis aus der Apotheke: L\u00f6sen Sie ihr Cannabisrezept online schnell &amp; einfach ein &amp; wir liefern es Ihnen bequem nach Hause. Mit Telefonberatung | Kostenloser Versand in Deutschland.","publisher":{"@id":"https:\/\/ch.mycannabisofficial.com\/#organization"},"potentialAction":[{"@type":"SearchAction","target":{"@type":"EntryPoint","urlTemplate":"https:\/\/ch.mycannabisofficial.com\/?s={search_term_string}"},"query-input":{"@type":"PropertyValueSpecification","valueRequired":true,"valueName":"search_term_string"}}],"inLanguage":"de-CH"},{"@type":"Organization","@id":"https:\/\/ch.mycannabisofficial.com\/#organization","name":"Cannabis Apotheke - Cannabis auf Rezept | Mycannabis.de","url":"https:\/\/ch.mycannabisofficial.com\/","logo":{"@type":"ImageObject","inLanguage":"de-CH","@id":"https:\/\/ch.mycannabisofficial.com\/#\/schema\/logo\/image\/","url":"https:\/\/ch.mycannabisofficial.com\/wp-content\/uploads\/sites\/5\/2023\/06\/cropped-Mycannabis-DE-Logo-Master_Outlined-1.png","contentUrl":"https:\/\/ch.mycannabisofficial.com\/wp-content\/uploads\/sites\/5\/2023\/06\/cropped-Mycannabis-DE-Logo-Master_Outlined-1.png","width":1920,"height":720,"caption":"Cannabis Apotheke - Cannabis auf Rezept | Mycannabis.de"},"image":{"@id":"https:\/\/ch.mycannabisofficial.com\/#\/schema\/logo\/image\/"}}]}},"_links":{"self":[{"href":"https:\/\/ch.mycannabisofficial.com\/de_ch\/wp-json\/wp\/v2\/pages\/1034","targetHints":{"allow":["GET"]}}],"collection":[{"href":"https:\/\/ch.mycannabisofficial.com\/de_ch\/wp-json\/wp\/v2\/pages"}],"about":[{"href":"https:\/\/ch.mycannabisofficial.com\/de_ch\/wp-json\/wp\/v2\/types\/page"}],"author":[{"embeddable":true,"href":"https:\/\/ch.mycannabisofficial.com\/de_ch\/wp-json\/wp\/v2\/users\/4"}],"replies":[{"embeddable":true,"href":"https:\/\/ch.mycannabisofficial.com\/de_ch\/wp-json\/wp\/v2\/comments?post=1034"}],"version-history":[{"count":0,"href":"https:\/\/ch.mycannabisofficial.com\/de_ch\/wp-json\/wp\/v2\/pages\/1034\/revisions"}],"wp:attachment":[{"href":"https:\/\/ch.mycannabisofficial.com\/de_ch\/wp-json\/wp\/v2\/media?parent=1034"}],"curies":[{"name":"wp","href":"https:\/\/api.w.org\/{rel}","templated":true}]}}