{"id":1031,"date":"2023-02-17T17:13:44","date_gmt":"2023-02-17T17:13:44","guid":{"rendered":"https:\/\/18.185.103.178\/?page_id=1031"},"modified":"2024-07-09T15:32:55","modified_gmt":"2024-07-09T13:32:55","slug":"datenschutzerklarung","status":"publish","type":"page","link":"https:\/\/ch.mycannabisofficial.com\/de_ch\/datenschutzerklarung\/","title":{"rendered":"Datenschutzerkl\u00e4rung"},"content":{"rendered":"<p><strong>1. Verantwortlicher:<\/strong><\/p>\n\n\n\n<p>360Grad-Apotheke<br>Jan Preuss e.K.<br>Bonner Stra\u00dfe 237<br>40589 D\u00fcsseldorf<\/p>\n\n\n\n<p>Rechtsform: e.K.<br>Telefon: (0211) 4187 3252<br>Fax: (0211) 69549020<br>HRA Nummer:&nbsp; HRA 27134<\/p>\n\n\n\n<p>E-Mail:&nbsp;kundenservice@mycannabis.de<\/p>\n\n\n\n<p><strong>2. Datenschutzbeauftragter der Apotheke:<\/strong><\/p>\n\n\n\n<p>Krause Sicherheitstechnik &amp; Datenschutz GmbH<\/p>\n\n\n\n<p>Michael Illhardt<br>Alter Weg 25<br>58091 Hagen<br>Telefon: 02337 911778<br>Fax: 02337 911779<br>E-Mail:&nbsp;michael.illhardt@dk-buero.de<br>Homepage:&nbsp;<a href=\"http:\/\/www.dk-buero.de\/\">https:\/\/www.dk-buero.de<\/a><\/p>\n\n\n\n<p><strong>3. Kategorien von Betroffenen<\/strong><\/p>\n\n\n\n<ol class=\"wp-block-list\">\n<li>Website Besucher<\/li>\n\n\n\n<li>Interessenten<\/li>\n\n\n\n<li>Kunden<\/li>\n\n\n\n<li>Gesch\u00e4ftspartner (nat\u00fcrliche Personen)<\/li>\n\n\n\n<li>Besch\u00e4ftigte der Gesch\u00e4ftspartner (bei Unternehmen)<\/li>\n<\/ol>\n\n\n\n<p><strong>4. Verarbeitungszwecke und Rechtsgrundlage der Verarbeitung<\/strong><\/p>\n\n\n\n<ol class=\"wp-block-list\">\n<li>Vertragserf\u00fcllung oder Durchf\u00fchrung vorvertraglicher Ma\u00dfnahmen gem. Art. 6 Absatz 1 Buchstabe b) DSGVO.\u00a0<\/li>\n\n\n\n<li>Erf\u00fcllung einer rechtlichen Verpflichtung, der der Verantwortliche unterliegt gem. Art. 6 Absatz 1 Buchstabe c) DSGVO.<\/li>\n\n\n\n<li>Verarbeitung f\u00fcr Zwecke der Gesundheitsvorsorge und die Versorgung bzw. Behandlung im Gesundheitswesen gem. Art. 9 Absatz 2 Buchstabe h) DSGVO.\u00a0<\/li>\n\n\n\n<li>Wahrnehmung der berechtigten Interessen des Verantwortlichen oder eines Dritten gem. Art Art. 6 Absatz 1 Buchstabe f) DSGVO unter Abw\u00e4gung gegen die entgegengesetzten Interessen des Betroffenen. Solche berechtigten Interessen sind insbesondere:\n<ul class=\"wp-block-list\">\n<li>Schutz vor Missbrauch, Betrug und weiteren strafrechtlich relevanten oder ordnungswidrigen Handlungen des Betroffenen zu Lasten des Verantwortlichen oder eines Dritten;<\/li>\n\n\n\n<li>Risikomanagement, Gefahrenabwehr;<\/li>\n\n\n\n<li>Sicherheitsma\u00dfnahmen im Rahmen des Betriebs der Website und der Erbringung unserer Dienstleistungen;\u00a0<\/li>\n\n\n\n<li>Pr\u00fcfung und ggf. Aus\u00fcbung, Verteidigung und Durchsetzung unserer rechtlichen Anspr\u00fcche (einschlie\u00dflich Inkassoverfahren), insbesondere Kommunikation mit Rechtsanw\u00e4lten, Wirtschaftspr\u00fcfern, Steuerberatern etc.\u00a0<\/li>\n\n\n\n<li>Zusendung von Direktwerbung unter Einhaltung der Vorgaben von \u00a7 7 Abs. 2 und Abs. 3 des Gesetzes gegen den unlauteren Wettbewerb (UWG).\u00a0<\/li>\n\n\n\n<li>Analyse und Optimierung unserer Leistungserbringung;<\/li>\n\n\n\n<li>Abwicklung unserer vertraglichen Beziehungen mit dem Arbeitgeber des Betroffenen, falls der Betroffene Arbeitnehmer unseres Vertragspartners ist.\u00a0<\/li>\n\n\n\n<li>Kundenanalyse, Verwaltung unserer Dienste und interne Vorg\u00e4nge, z.B. Fehlerbehebung, Datenanalyse, Tests, Forschung und statistische Zwecke.<\/li>\n\n\n\n<li>mit Ihnen in Bezug auf unsere Dienste zu kommunizieren.<\/li>\n\n\n\n<li>Beurteilung Ihrer Kreditw\u00fcrdigkeit<\/li>\n\n\n\n<li>Verwaltung der Zahlungen und der Kundenbeziehungen sowie die Einhaltung interner Verfahren<\/li>\n<\/ul>\n<\/li>\n\n\n\n<li>Einwilligung gem. Art. 6 Absatz 1 Buchstabe a) DSGVO, beispielsweise bei der Zusendung von Newslettern und weiteren Werbematerialien, welche nicht in den Anwendungsbereich des \u00a7 7 Abs. 2 und Abs. 3 UWG fallen.\u00a0<\/li>\n<\/ol>\n\n\n\n<p><strong>5. Kategorien der verarbeiteten personenbezogenen Daten:&nbsp;<\/strong><\/p>\n\n\n\n<ol class=\"wp-block-list\">\n<li>Soweit wir eine vertragliche Beziehung mit dem Betroffenen oder dem Arbeitgeber des Betroffenen haben oder sich eine vertragliche Beziehung anbahnt, verarbeiten wir in der Regel die folgenden Kategorien personenbezogener Daten: Stammdaten (z.B. Namen und Adressen),\n<ul class=\"wp-block-list\">\n<li>Stammdaten (Name, Adresse)<\/li>\n\n\n\n<li>Kontaktdaten (z.B. E-Mailadressen und Telefonnummern),<\/li>\n\n\n\n<li>Vertragsdaten (z.B. in Anspruch genommene Leistungen, sonstige Vertragsinhalte, vertragliche Kommunikation, Namen von Kontaktpersonen)<\/li>\n\n\n\n<li>Zahlungsdaten (z.B. IBAN etc.).<\/li>\n<\/ul>\n<\/li>\n\n\n\n<li>Wir verarbeiten dabei insbesondere besondere Kategorien von personenbezogenen Daten, speziell Gesundheitsdaten gem. Art. 9 DSGVO. Dies gilt nicht nur dann, wenn der Betroffene uns ein Rezept \u00fcbermittelt, sondern auch bei dem Verkauf rezeptfreier Arzneimittel oder sonstiger Behandlungsmittel, da man durch die Erforderlichkeit des Pr\u00e4parats unter Umst\u00e4nden auf die jeweilige gesundheitliche Situation des Betroffenen schlie\u00dfen kann.\u00a0<\/li>\n\n\n\n<li>Sobald Sie uns ein Rezept (per Upload, Papierrezept) zur Verf\u00fcgung stellen, verarbeiten wir die darin enthaltenen Daten. Dazu geh\u00f6ren in der Regel Ihre Stammdaten und Daten zur Versicherung (Adresse, Geburtsdatum, Versicherungsnummer, Krankenkasse, Versichertenstatus); das verschriebene Arzneimittel; Anweisungen zur Einnahme des verschriebenen Arzneimittels; Daten des Ausstellers (Arzt, Krankenhaus, Praxis); Hinweise zur Austauschbarkeit (sog. Aut-Idem-Feld); Im Falle eines Austauschs (Substitution) des Arzneimittels erg\u00e4nzen wir das Rezept um Informationen \u00fcber das (tats\u00e4chlich) an Sie abgegebene Arzneimittel.\n<ul class=\"wp-block-list\">\n<li>Die Bereitstellung der unter a) bis c) dargestellten Kategorien personenbezogener Daten ist vertraglich vorgeschrieben und \u2013 teilweise -auch gesetzlich erforderlich, wenn man Arzneimittel erwerben m\u00f6chte. Eine Nichtbereitstellung der Daten kann zur Folge haben, dass wir Ihre Bestellung bzw. Ihre Anfrage nicht erf\u00fcllen k\u00f6nnen.\u00a0<\/li>\n<\/ul>\n<\/li>\n\n\n\n<li>Wir verarbeiten dar\u00fcber hinaus solche personenbezogenen Daten, die Sie uns im Rahmen von Anfragen oder sonstigen Kommunikationsw\u00fcnschen zukommen lassen. Insoweit gilt Art. 13 Abs. 5 DSGVO.\u00a0<\/li>\n\n\n\n<li>Erhebung von Zugriffsdaten und Logfiles:\u00a0Wir selbst (bzw. unser Webhostinganbieter) erheben Daten zu jedem Zugriff auf den Server (sogenannte Serverlogfiles). Zu den Serverlogfiles k\u00f6nnen die Adresse und Name der abgerufenen Webseiten und Dateien, Datum und Uhrzeit des Abrufs, \u00fcbertragene Datenmengen, Meldung \u00fcber erfolgreichen Abruf, Browsertyp nebst Version, das Betriebssystem des Nutzers, Referrer URL (die zuvor besuchte Seite) und im Regelfall IP-Adressen und der anfragende Provider geh\u00f6ren.<\/li>\n<\/ol>\n\n\n\n<p>Die Serverlogfiles k\u00f6nnen zum einen zu Zwecken der Sicherheit eingesetzt werden, z.B., um eine \u00dcberlastung der Server zu vermeiden (insbesondere im Fall von missbr\u00e4uchlichen Angriffen, sogenannten DDoS-Attacken) und zum anderen, um die Auslastung der Server und ihre Stabilit\u00e4t sicherzustellen.<\/p>\n\n\n\n<p><strong>6. Kategorien von Datenempf\u00e4ngern:<\/strong><\/p>\n\n\n\n<ol class=\"wp-block-list\">\n<li>Lieferanten,\u00a0<\/li>\n\n\n\n<li>Zahlungsdienstleister, insbesondere:\n<ul class=\"wp-block-list\">\n<li>Total Processing Ltd, 111 Piccadilly, Manchester, M1 2HY Company Number: 09841252, Website: https:\/\/www.totalprocessing.com\/ Datenschutzerkl\u00e4rung: https:\/\/www.totalprocessing.com\/privacy-notice\/ Alle Rechtsstreitigkeiten im Zusammenhang mit der Kartenverarbeitung werden nach deutschem Recht behandelt.<\/li>\n\n\n\n<li>PrivatCard AG, M\u00f6rsenbroicher Weg 200, 40470 D\u00fcsseldorf,\u00a0Apothekenabrechnungszentrum,\u00a0Daten (Name, Anschrift, Geburtsdatum und die Daten der Rezeptbelieferung) werden \u00fcbermittelt.\u00a0<a href=\"https:\/\/www.privatcard.ag\/datenschutzerklaerung\/\">Datenschutzinformationen<\/a><\/li>\n<\/ul>\n<\/li>\n\n\n\n<li>IT-Dienstleister, insbesondere:\n<ul class=\"wp-block-list\">\n<li>Klavyo Inc., f\u00fcr den Versand von Newslettern. Da der Empfang von Newslettern Ihre Einwilligung gem. Art. (1) lit. a) DSGVO voraussetzt, informieren wir \u00fcber Klavyo Inc. gesondert im Rahmen der Einholung der Einwilligung.<\/li>\n<\/ul>\n<\/li>\n\n\n\n<li>Logistik Unternehmen, insbesondere:\u00a0<\/li>\n<\/ol>\n\n\n\n<ul class=\"wp-block-list\">\n<li>\u00a0<\/li>\n<\/ul>\n\n\n\n<ul class=\"wp-block-list\">\n<li>DHL Paket GmbH, Str\u00e4\u00dfchenweg 10, 53113 Bonn,\u00a0<a href=\"https:\/\/www.dhl.de\/content\/dam\/images\/pdf\/dhl-agb-paket-express-national-03-2021.pdf\">Datenschutzinformationen<\/a><\/li>\n\n\n\n<li>GO! Express &amp; Logistics Deutschland GmbH, Br\u00fchler Stra\u00dfe 9, 53119 Bonn,\u00a0<a href=\"https:\/\/www.general-overnight.com\/deu_de\/datenschutz.html\">Datenschutzinformationen<\/a><\/li>\n<\/ul>\n\n\n\n<p>4. Der jeweilige behandelnde Arzt (bei erforderlichen R\u00fcckfragen zum Rezept).<\/p>\n\n\n\n<p>Dar\u00fcber hinaus nutzen wir weisungsgebundene Auftragsverarbeiter im Rahmen von Vertr\u00e4gen gem. Art. 28 DSGVO.&nbsp;<\/p>\n\n\n\n<p><strong>7. Besonderheit bei dem Vertragsabschluss f\u00fcr den Versand von Waren&nbsp;<\/strong><\/p>\n\n\n\n<p>Wenn Sie bei uns Arzneimittel bestellen, werden Ihre personenbezogenen Daten an das f\u00fcr die Lieferung beauftragte Transportunternehmen weitergegeben. Es werden nur diejenigen Daten weitergegeben, die der jeweilige Dienstleister zur Erf\u00fcllung seiner Aufgabe ben\u00f6tigt. Die Rechtsgrundlage hierf\u00fcr ist Art. Absatz 1 Buchstabe b DSGVO, der die Verarbeitung von Daten zur Erf\u00fcllung eines Vertrags oder vorvertraglicher Ma\u00dfnahmen erlaubt. Wenn Sie gem\u00e4\u00df Art. 6 Absatz 1 Buchstabe a DSGVO Ihre Einwilligung gegeben haben, geben wir Ihre E-Mail-Adresse an das beauftragte Transportunternehmen weiter, damit dieses Sie per E-Mail \u00fcber den Versandstatus Ihrer Bestellung informieren kann. Sie k\u00f6nnen Ihre Einwilligung jederzeit widerrufen.<\/p>\n\n\n\n<p>Im Falle eines Verlusts oder einer Besch\u00e4digung des auszuliefernden Arzneimittels geben wir Ihre Rechnungsdaten zum Zwecke der Nachforschung und zur Ermittlung des Warenwerts an das beauftragte Transportunternehmen weiter. Das auszuliefernde Arzneimittel zusammen mit Ihren Kontaktdaten kann potenziell R\u00fcckschl\u00fcsse auf Ihren Gesundheitszustand zulassen. Die Rechtsgrundlage f\u00fcr die Verarbeitung ist Art. 9 Abs. 2 Buchstabe h) in Verbindung mit Art. 9 Abs. 2 Buchstabe f) DSGVO.<\/p>\n\n\n\n<p><strong>8. \u00dcbermittlung an ein Drittland<\/strong><\/p>\n\n\n\n<p>Grunds\u00e4tzlich bedarf die Erbringung unserer Dienstleistungen keiner internationalen \u00dcbermittlung personenbezogener Daten au\u00dferhalb der Europ\u00e4ischen Union \/ des Europ\u00e4ischen Wirtschaftsraums. Wir arbeiten jedoch mit Partnern zusammen, welche ihren Sitz oder jedenfalls ihre Muttergesellschaft in einem Drittland haben, wo das Niveau des Schutzes personenbezogener Daten von der EU-Kommission als unzureichend angesehen wird. Insoweit entspricht die jeweilige vertragliche Dokumentation, die zwischen uns und dem jeweiligen Partner abgeschlossen ist, den Vorgaben des Kapitel V der DSGVO. Bei speziellen R\u00fcckfragen wenden Sie sich bitte an unseren Datenschutzbeauftragten.&nbsp;<\/p>\n\n\n\n<p><strong>9. Speicherdauer<\/strong><\/p>\n\n\n\n<p>Grunds\u00e4tzlich speichern wir die jeweiligen personenbezogenen Daten nur solange, wie eine entsprechende gesetzliche Aufbewahrungsfrist uns dazu verpflichtet.<\/p>\n\n\n\n<p>Soweit keine besonderen gesetzlichen Aufbewahrungsfristen bestehen, speichern wir Ihre personenbezogenen Daten f\u00fcr die Dauer der regelm\u00e4\u00dfigen Verj\u00e4hrungsfrist von 3 Jahren.&nbsp;<\/p>\n\n\n\n<p>Bei der Verarbeitung von personenbezogenen Daten auf Grundlage einer ausdr\u00fccklichen Einwilligung gem\u00e4\u00df Art. 6 Absatz 1 Buchstabe a DSGVO werden diese Daten so lange gespeichert, bis der Betroffene seine Einwilligung widerruft.<\/p>\n\n\n\n<p>Existieren gesetzliche Aufbewahrungsfristen f\u00fcr Daten, die im Rahmen rechtsgesch\u00e4ftlicher bzw. rechtsgesch\u00e4fts\u00e4hnlicher Verpflichtungen auf der Grundlage von Art. 6 Absatz 1 Buchstabe b DSGVO verarbeitet werden, werden diese Daten nach Ablauf der Aufbewahrungsfristen routinem\u00e4\u00dfig gel\u00f6scht, sofern sie nicht mehr zur Vertragserf\u00fcllung oder Vertragsanbahnung erforderlich sind und\/oder unsererseits kein berechtigtes Interesse an der Weiterspeicherung fortbesteht.<\/p>\n\n\n\n<p>Bei der Verarbeitung von personenbezogenen Daten auf Grundlage von Art. 6 Absatz 1 Buchstabe f DSGVO werden diese Daten so lange gespeichert, bis der Betroffene sein Widerspruchsrecht nach Art. 21 Absatz 1 DSGVO aus\u00fcbt, es sei denn, wir k\u00f6nnen zwingende schutzw\u00fcrdige Gr\u00fcnde f\u00fcr die Verarbeitung nachweisen, die die Interessen, Rechte und Freiheiten der betroffenen Person \u00fcberwiegen, oder die Verarbeitung dient der Geltendmachung, Aus\u00fcbung oder Verteidigung von Rechtsanspr\u00fcchen.<\/p>\n\n\n\n<p>Bei der Verarbeitung von personenbezogenen Daten zum Zwecke der Direktwerbung auf Grundlage von Art. 6 Absatz 1 Buchstabe f DSGVO werden diese Daten so lange gespeichert, bis der Betroffene sein Widerspruchsrecht nach Art. 21 Absatz 2 DSGVO aus\u00fcbt.<\/p>\n\n\n\n<p>Sofern sich aus den sonstigen Informationen dieser Erkl\u00e4rung \u00fcber spezifische Verarbeitungssituationen nichts anderes ergibt, werden gespeicherte personenbezogene Daten im \u00dcbrigen dann gel\u00f6scht, wenn sie f\u00fcr die Zwecke, f\u00fcr die sie erhoben oder auf sonstige Weise verarbeitet wurden, nicht mehr notwendig sind.<\/p>\n\n\n\n<p><strong>10. Cookies und Tracking Tools<\/strong><\/p>\n\n\n\n<p>Eine genaue Darstellung der von uns auf der Website eingesetzten Cookies und Tracking Tools finden Sie in unserem Consent Management Tool, welches Ihnen bei ihrem ersten Besuch auf der Website sofort angezeigt wird, damit Sie Ihre Datenverarbeitungspr\u00e4ferenzen setzen k\u00f6nnen. Sie k\u00f6nnen das Consent Management Tool im Nachhinein jederzeit erneut aufrufen (scrollen Sie daf\u00fcr ganz nach unten auf der Website) um Ihre Pr\u00e4ferenzen zu \u00e4ndern oder sich die einzelnen Informationen nochmal durchzulesen.&nbsp;<\/p>\n\n\n\n<p><strong>11. Einkaufen im Onlineshop der Apotheke<\/strong><\/p>\n\n\n\n<p>Sofern \u00fcber diese Website die Verlinkung zum Shop besteht, beachten Sie bitte die Datenschutzbestimmungen des Shops.<\/p>\n\n\n\n<p><strong>12. Betroffenenrechte<\/strong><\/p>\n\n\n\n<p>Ihnen stehen als Betroffene nach der DSGVO verschiedene Rechte zu, die sich insbesondere aus Art. 15 bis 21 DSGVO ergeben:<\/p>\n\n\n\n<ul class=\"wp-block-list\">\n<li><strong>Widerspruchsrecht: Sie haben das Recht, aus Gr\u00fcnden, die sich aus Ihrer besonderen Situation ergeben, jederzeit gegen die Verarbeitung der Sie betreffenden personenbezogenen Daten, die aufgrund von Art. Absatz 1 Buchstabe e oder f DSGVO erfolgt, Widerspruch einzulegen.<\/strong><\/li>\n<\/ul>\n\n\n\n<ul class=\"wp-block-list\">\n<li>Widerrufsrecht bei Einwilligungen: Sie haben das Recht, erteilte Einwilligungen jederzeit zu widerrufen.<\/li>\n\n\n\n<li>Auskunftsrecht: Sie haben das Recht, eine Best\u00e4tigung dar\u00fcber zu verlangen, ob betreffende Daten verarbeitet werden und auf Auskunft \u00fcber diese Daten sowie auf weitere Informationen und Kopie der Daten entsprechend den gesetzlichen Vorgaben.<\/li>\n\n\n\n<li>Recht auf Berichtigung: Sie haben entsprechend den gesetzlichen Vorgaben das Recht, die Vervollst\u00e4ndigung der Sie betreffenden Daten oder die Berichtigung der Sie betreffenden unrichtigen Daten zu verlangen.<\/li>\n\n\n\n<li>Recht auf L\u00f6schung und Einschr\u00e4nkung der Verarbeitung: Sie haben nach Ma\u00dfgabe der gesetzlichen Vorgaben das Recht, zu verlangen, dass Sie betreffende Daten unverz\u00fcglich gel\u00f6scht werden, bzw. alternativ nach Ma\u00dfgabe der gesetzlichen Vorgaben eine Einschr\u00e4nkung der Verarbeitung der Daten zu verlangen.<\/li>\n\n\n\n<li>Recht auf Daten\u00fcbertragbarkeit: Sie haben das Recht, Sie betreffende Daten, die Sie uns bereitgestellt haben, nach Ma\u00dfgabe der gesetzlichen Vorgaben in einem strukturierten, g\u00e4ngigen und maschinenlesbaren Format zu erhalten oder deren \u00dcbermittlung an einen anderen Verantwortlichen zu fordern.<\/li>\n\n\n\n<li>Beschwerde bei Aufsichtsbeh\u00f6rde: Sie haben unbeschadet eines anderweitigen verwaltungsrechtlichen oder gerichtlichen Rechtsbehelfs das Recht auf Beschwerde bei einer Aufsichtsbeh\u00f6rde, insbesondere in dem Mitgliedstaat ihres gew\u00f6hnlichen Aufenthaltsorts, ihres Arbeitsplatzes oder des Orts des mutma\u00dflichen Versto\u00dfes, wenn Sie der Ansicht sind, dass die Verarbeitung der Sie betreffenden personenbezogenen Daten gegen die Vorgaben der DSGVO verst\u00f6\u00dft.<\/li>\n<\/ul>\n\n\n\n<p>Zust\u00e4ndige datenschutzrechtliche Aufsichtsbeh\u00f6rde:<\/p>\n\n\n\n<p>Landesbeauftragte f\u00fcr Datenschutz und Informationsfreiheit Nordrhein-Westfalen<\/p>\n\n\n\n<p>Kavalleriestra\u00dfe 2-4<br>40213 D\u00fcsseldorf<br>Telefon: 02 11\/384 24-0<br>Fax: 02 11\/384 24-999<br>E-Mail: poststelle{at}ldi.nrw{dot}de<br>Homepage:&nbsp;<a href=\"https:\/\/www.ldi.nrw.de\/\">https:\/\/www.ldi.nrw.de<\/a><\/p>\n\n\n\n<p><strong>13. \u00c4nderung der Datenschutzerkl\u00e4rung<\/strong><\/p>\n\n\n\n<p>Diese Datenschutzerkl\u00e4rung kann ge\u00e4ndert werden, sobald gesetzliche Vorgaben oder eine ge\u00e4nderte Verarbeitungspraxis es erfordern.&nbsp;<\/p>","protected":false},"excerpt":{"rendered":"<p>1. Verantwortlicher: 360Grad-ApothekeJan Preuss e.K.Bonner Stra\u00dfe 23740589 D\u00fcsseldorf Rechtsform: e.K.Telefon: (0211) 4187 3252Fax: (0211) 69549020HRA Nummer:&nbsp; HRA 27134 E-Mail:&nbsp;kundenservice@mycannabis.de 2. Datenschutzbeauftragter der Apotheke: Krause Sicherheitstechnik &amp; Datenschutz GmbH Michael IllhardtAlter Weg 2558091 HagenTelefon: 02337 911778Fax: 02337 911779E-Mail:&nbsp;michael.illhardt@dk-buero.deHomepage:&nbsp;https:\/\/www.dk-buero.de 3. Kategorien von Betroffenen 4. Verarbeitungszwecke und Rechtsgrundlage der Verarbeitung 5. Kategorien der verarbeiteten personenbezogenen Daten:&nbsp; Die Serverlogfiles [&hellip;]<\/p>\n","protected":false},"author":4,"featured_media":0,"parent":0,"menu_order":0,"comment_status":"closed","ping_status":"closed","template":"","meta":{"_acf_changed":false,"footnotes":""},"class_list":["post-1031","page","type-page","status-publish","hentry"],"acf":[],"yoast_head":"<!-- This site is optimized with the Yoast SEO plugin v26.9 - https:\/\/yoast.com\/product\/yoast-seo-wordpress\/ -->\n<title>Datenschutzerkl\u00e4rung | mycannabis<\/title>\n<meta name=\"description\" content=\"Datenschutz ist bei MYCANNABIS sehr wichtig. Hier finden Sie alle notwendigen Informationen zum Datenschutz bei uns in der Apotheke.\" \/>\n<meta name=\"robots\" content=\"noindex, follow, max-snippet:-1, max-image-preview:large, max-video-preview:-1\" \/>\n<meta property=\"og:locale\" content=\"de_DE\" \/>\n<meta property=\"og:type\" content=\"article\" \/>\n<meta property=\"og:title\" content=\"Datenschutzerkl\u00e4rung | mycannabis\" \/>\n<meta property=\"og:description\" content=\"Datenschutz ist bei MYCANNABIS sehr wichtig. Hier finden Sie alle notwendigen Informationen zum Datenschutz bei uns in der Apotheke.\" \/>\n<meta property=\"og:url\" content=\"https:\/\/ch.mycannabisofficial.com\/de_ch\/datenschutzerklarung\/\" \/>\n<meta property=\"og:site_name\" content=\"Cannabis Apotheke - Cannabis auf Rezept | Mycannabis.de\" \/>\n<meta property=\"article:modified_time\" content=\"2024-07-09T13:32:55+00:00\" \/>\n<meta name=\"twitter:card\" content=\"summary_large_image\" \/>\n<meta name=\"twitter:label1\" content=\"Est. reading time\" \/>\n\t<meta name=\"twitter:data1\" content=\"10 minutes\" \/>\n<script type=\"application\/ld+json\" class=\"yoast-schema-graph\">{\"@context\":\"https:\/\/schema.org\",\"@graph\":[{\"@type\":\"WebPage\",\"@id\":\"https:\/\/ch.mycannabisofficial.com\/datenschutzerklarung\/\",\"url\":\"https:\/\/ch.mycannabisofficial.com\/datenschutzerklarung\/\",\"name\":\"Datenschutzerkl\u00e4rung | mycannabis\",\"isPartOf\":{\"@id\":\"https:\/\/ch.mycannabisofficial.com\/#website\"},\"datePublished\":\"2023-02-17T17:13:44+00:00\",\"dateModified\":\"2024-07-09T13:32:55+00:00\",\"description\":\"Datenschutz ist bei MYCANNABIS sehr wichtig. Hier finden Sie alle notwendigen Informationen zum Datenschutz bei uns in der Apotheke.\",\"breadcrumb\":{\"@id\":\"https:\/\/ch.mycannabisofficial.com\/datenschutzerklarung\/#breadcrumb\"},\"inLanguage\":\"de-CH\",\"potentialAction\":[{\"@type\":\"ReadAction\",\"target\":[\"https:\/\/ch.mycannabisofficial.com\/datenschutzerklarung\/\"]}]},{\"@type\":\"BreadcrumbList\",\"@id\":\"https:\/\/ch.mycannabisofficial.com\/datenschutzerklarung\/#breadcrumb\",\"itemListElement\":[{\"@type\":\"ListItem\",\"position\":1,\"name\":\"Home\",\"item\":\"https:\/\/ch.mycannabisofficial.com\/\"},{\"@type\":\"ListItem\",\"position\":2,\"name\":\"Datenschutzerkl\u00e4rung\"}]},{\"@type\":\"WebSite\",\"@id\":\"https:\/\/ch.mycannabisofficial.com\/#website\",\"url\":\"https:\/\/ch.mycannabisofficial.com\/\",\"name\":\"Cannabis Apotheke - Cannabis auf Rezept | Mycannabis.de\",\"description\":\"Cannabis aus der Apotheke: L\u00f6sen Sie ihr Cannabisrezept online schnell &amp; einfach ein &amp; wir liefern es Ihnen bequem nach Hause. Mit Telefonberatung | Kostenloser Versand in Deutschland.\",\"publisher\":{\"@id\":\"https:\/\/ch.mycannabisofficial.com\/#organization\"},\"potentialAction\":[{\"@type\":\"SearchAction\",\"target\":{\"@type\":\"EntryPoint\",\"urlTemplate\":\"https:\/\/ch.mycannabisofficial.com\/?s={search_term_string}\"},\"query-input\":{\"@type\":\"PropertyValueSpecification\",\"valueRequired\":true,\"valueName\":\"search_term_string\"}}],\"inLanguage\":\"de-CH\"},{\"@type\":\"Organization\",\"@id\":\"https:\/\/ch.mycannabisofficial.com\/#organization\",\"name\":\"Cannabis Apotheke - Cannabis auf Rezept | Mycannabis.de\",\"url\":\"https:\/\/ch.mycannabisofficial.com\/\",\"logo\":{\"@type\":\"ImageObject\",\"inLanguage\":\"de-CH\",\"@id\":\"https:\/\/ch.mycannabisofficial.com\/#\/schema\/logo\/image\/\",\"url\":\"https:\/\/ch.mycannabisofficial.com\/wp-content\/uploads\/sites\/5\/2023\/06\/cropped-Mycannabis-DE-Logo-Master_Outlined-1.png\",\"contentUrl\":\"https:\/\/ch.mycannabisofficial.com\/wp-content\/uploads\/sites\/5\/2023\/06\/cropped-Mycannabis-DE-Logo-Master_Outlined-1.png\",\"width\":1920,\"height\":720,\"caption\":\"Cannabis Apotheke - Cannabis auf Rezept | Mycannabis.de\"},\"image\":{\"@id\":\"https:\/\/ch.mycannabisofficial.com\/#\/schema\/logo\/image\/\"}}]}<\/script>\n<!-- \/ Yoast SEO plugin. -->","yoast_head_json":{"title":"Datenschutzerkl\u00e4rung | mycannabis","description":"Datenschutz ist bei MYCANNABIS sehr wichtig. Hier finden Sie alle notwendigen Informationen zum Datenschutz bei uns in der Apotheke.","robots":{"index":"noindex","follow":"follow","max-snippet":"max-snippet:-1","max-image-preview":"max-image-preview:large","max-video-preview":"max-video-preview:-1"},"og_locale":"de_DE","og_type":"article","og_title":"Datenschutzerkl\u00e4rung | mycannabis","og_description":"Datenschutz ist bei MYCANNABIS sehr wichtig. Hier finden Sie alle notwendigen Informationen zum Datenschutz bei uns in der Apotheke.","og_url":"https:\/\/ch.mycannabisofficial.com\/de_ch\/datenschutzerklarung\/","og_site_name":"Cannabis Apotheke - Cannabis auf Rezept | Mycannabis.de","article_modified_time":"2024-07-09T13:32:55+00:00","twitter_card":"summary_large_image","twitter_misc":{"Est. reading time":"10 minutes"},"schema":{"@context":"https:\/\/schema.org","@graph":[{"@type":"WebPage","@id":"https:\/\/ch.mycannabisofficial.com\/datenschutzerklarung\/","url":"https:\/\/ch.mycannabisofficial.com\/datenschutzerklarung\/","name":"Datenschutzerkl\u00e4rung | mycannabis","isPartOf":{"@id":"https:\/\/ch.mycannabisofficial.com\/#website"},"datePublished":"2023-02-17T17:13:44+00:00","dateModified":"2024-07-09T13:32:55+00:00","description":"Datenschutz ist bei MYCANNABIS sehr wichtig. Hier finden Sie alle notwendigen Informationen zum Datenschutz bei uns in der Apotheke.","breadcrumb":{"@id":"https:\/\/ch.mycannabisofficial.com\/datenschutzerklarung\/#breadcrumb"},"inLanguage":"de-CH","potentialAction":[{"@type":"ReadAction","target":["https:\/\/ch.mycannabisofficial.com\/datenschutzerklarung\/"]}]},{"@type":"BreadcrumbList","@id":"https:\/\/ch.mycannabisofficial.com\/datenschutzerklarung\/#breadcrumb","itemListElement":[{"@type":"ListItem","position":1,"name":"Home","item":"https:\/\/ch.mycannabisofficial.com\/"},{"@type":"ListItem","position":2,"name":"Datenschutzerkl\u00e4rung"}]},{"@type":"WebSite","@id":"https:\/\/ch.mycannabisofficial.com\/#website","url":"https:\/\/ch.mycannabisofficial.com\/","name":"Cannabis Apotheke - Cannabis auf Rezept | Mycannabis.de","description":"Cannabis aus der Apotheke: L\u00f6sen Sie ihr Cannabisrezept online schnell &amp; einfach ein &amp; wir liefern es Ihnen bequem nach Hause. Mit Telefonberatung | Kostenloser Versand in Deutschland.","publisher":{"@id":"https:\/\/ch.mycannabisofficial.com\/#organization"},"potentialAction":[{"@type":"SearchAction","target":{"@type":"EntryPoint","urlTemplate":"https:\/\/ch.mycannabisofficial.com\/?s={search_term_string}"},"query-input":{"@type":"PropertyValueSpecification","valueRequired":true,"valueName":"search_term_string"}}],"inLanguage":"de-CH"},{"@type":"Organization","@id":"https:\/\/ch.mycannabisofficial.com\/#organization","name":"Cannabis Apotheke - Cannabis auf Rezept | Mycannabis.de","url":"https:\/\/ch.mycannabisofficial.com\/","logo":{"@type":"ImageObject","inLanguage":"de-CH","@id":"https:\/\/ch.mycannabisofficial.com\/#\/schema\/logo\/image\/","url":"https:\/\/ch.mycannabisofficial.com\/wp-content\/uploads\/sites\/5\/2023\/06\/cropped-Mycannabis-DE-Logo-Master_Outlined-1.png","contentUrl":"https:\/\/ch.mycannabisofficial.com\/wp-content\/uploads\/sites\/5\/2023\/06\/cropped-Mycannabis-DE-Logo-Master_Outlined-1.png","width":1920,"height":720,"caption":"Cannabis Apotheke - Cannabis auf Rezept | Mycannabis.de"},"image":{"@id":"https:\/\/ch.mycannabisofficial.com\/#\/schema\/logo\/image\/"}}]}},"_links":{"self":[{"href":"https:\/\/ch.mycannabisofficial.com\/de_ch\/wp-json\/wp\/v2\/pages\/1031","targetHints":{"allow":["GET"]}}],"collection":[{"href":"https:\/\/ch.mycannabisofficial.com\/de_ch\/wp-json\/wp\/v2\/pages"}],"about":[{"href":"https:\/\/ch.mycannabisofficial.com\/de_ch\/wp-json\/wp\/v2\/types\/page"}],"author":[{"embeddable":true,"href":"https:\/\/ch.mycannabisofficial.com\/de_ch\/wp-json\/wp\/v2\/users\/4"}],"replies":[{"embeddable":true,"href":"https:\/\/ch.mycannabisofficial.com\/de_ch\/wp-json\/wp\/v2\/comments?post=1031"}],"version-history":[{"count":0,"href":"https:\/\/ch.mycannabisofficial.com\/de_ch\/wp-json\/wp\/v2\/pages\/1031\/revisions"}],"wp:attachment":[{"href":"https:\/\/ch.mycannabisofficial.com\/de_ch\/wp-json\/wp\/v2\/media?parent=1031"}],"curies":[{"name":"wp","href":"https:\/\/api.w.org\/{rel}","templated":true}]}}