{"id":1017,"date":"2023-02-17T11:24:31","date_gmt":"2023-02-17T11:24:31","guid":{"rendered":"https:\/\/18.185.103.178\/?page_id=1017"},"modified":"2024-07-09T15:35:24","modified_gmt":"2024-07-09T13:35:24","slug":"versand-bezahlung","status":"publish","type":"page","link":"https:\/\/ch.mycannabisofficial.com\/de_ch\/versand-bezahlung\/","title":{"rendered":"Versand &#038; Bezahlung"},"content":{"rendered":"<h2>Versand &amp; Retoure<\/h2>\n<p>                Wie funktionieren Retouren?<\/p>\n<p>Alle Arzneimittel (insbesondere Rezepturarzneimittel, also auch Cannabisbl\u00fcten) sind gesetzlich von der Retoure ausgeschlossen. F\u00fcr n\u00e4here Informationen verweisen wir auf unsere Widerrufsbelehrung.<\/p>\n<p>                Wohin schicke ich mein Originalrezept?<\/p>\n<p id=\"viewer-2vqu1\"><strong>Bitte senden Sie Ihr Rezept an folgende Adresse:<\/strong><\/p>\n<p id=\"viewer-9uv39\">360Grad-Apotheke<br \/>Bonner Str. 237<br \/>40589 D\u00fcsseldorf<\/p>\n<p>\u00a0<\/p>\n<p id=\"viewer-fcotc\">Das Porto \u00fcbernehmen wir f\u00fcr Sie. Nutzen Sie hierf\u00fcr gerne unseren Freiumschlag, den Sie <u>hier<\/u> als PDF ausdrucken k\u00f6nnen.<\/p>\n<p>                Ist der Versand kostenlos?<\/p>\n<p id=\"viewer-2vqu1\">Den aktuellen Preis Ihres Medikamentes (sofern verf\u00fcgbar) k\u00f6nnen wir Ihnen gerne per E-mail mitteilen.<\/p>\n<p>\u00a0Unsere Versandkosten wie folgt:\u00a0<\/p>\n<p>F\u00fcr Lieferungen \u00fcber DHL berechnen wir eine Versandgeb\u00fchr von 9,99\u20ac f\u00fcr Bestellungen im Wert von 0 bis 100\u20ac. F\u00fcr Bestellungen im Wert von 100\u20ac bis 200\u20ac betr\u00e4gt die Versandgeb\u00fchr 5,99\u20ac. Bestellungen im Wert von \u00fcber 200\u20ac werden kostenlos versandt.<\/p>\n<p>F\u00fcr GO betr\u00e4gt die Versandgeb\u00fchr f\u00fcr Bestellungen im Wert von 0 bis 100\u20ac 13,99\u20ac. Bei Bestellungen im Wert von 100\u20ac bis 200\u20ac betr\u00e4gt die Versandgeb\u00fchr 9,99\u20ac. Bestellungen im Wert von \u00fcber 200\u20ac werden kostenlos versandt.<\/p>\n<p>                Kann ich mein Medikament vor Ort abholen?<\/p>\n<p id=\"viewer-atf0a\">Selbstverst\u00e4ndlich k\u00f6nnen Sie Ihr Medikament auch direkt gegen Vorlage der Originalverschreibung vor Ort in unserer Apotheke abholen. Um sicherzugehen, dass wir Ihre gew\u00fcnschte Sorte vorr\u00e4tig haben, kontaktieren Sie uns gerne vorab. Wir sagen Ihnen wann Ihre Bestellung abholbereit ist, damit f\u00fcr Sie keine Wartezeiten entstehen.<\/p>\n<p>\u00a0<\/p>\n<p id=\"viewer-3ffcc\"><strong>So finden Sie uns:<\/strong><\/p>\n<p id=\"viewer-f7p81\">360Grad-Apotheke<br \/>Bonner Str. 237<br \/>40589 D\u00fcsseldorf<\/p>\n<p>\u00a0<\/p>\n<p id=\"viewer-80fkb\"><em>(ca. 200m nach Einfahrt in das Industriegel\u00e4nde)<\/em><\/p>\n<p>\u00a0<\/p>\n<p id=\"viewer-cv37v\"><strong>Unsere \u00d6ffnungszeiten:<\/strong><\/p>\n<p id=\"viewer-eh37t\">Mo, Di, Mi, Do, Fr: 10.00 &#8211; 16.00 Uhr<\/p>\n<p id=\"viewer-48ptn\">Sa + So: geschlossen<\/p>\n<p>                Wie werden meine Cannabis Medikamente verschickt?<\/p>\n<p>Da es sich bei Cannabisbl\u00fcten und -extrakten um verschreibungspflichtige Medikamente handelt, sind wir dazu verpflichtet sicherzustellen, dass die Produkte an die richtige Person zugestellt werden. Daher pr\u00fcfen wir Ihre Identit\u00e4t bei Ankunft des Paketes bei Ihnen durch unseren Versanddienstleister.<\/p>\n<p><b>LIEFERUNG PER DHL IDENT-CHECK\u00a0<\/b><\/p>\n<p>Der DHL IDENT-CHECK ist ein zuverl\u00e4ssiger Service der DHL, mit dem sichergestellt wird, dass Ihre Bestellung identit\u00e4ts- und altersgepr\u00fcft, an die richtige Person zugestellt wird.<\/p>\n<p>Die Vorteile:\u00a0<\/p>\n<ul>\n<li>Zuverl\u00e4ssige und pers\u00f6nliche Zustellung<\/li>\n<li>Sicherstellung, dass die Sendung nur an den benannten Empf\u00e4nger \u00fcbergeben wird<\/li>\n<\/ul>\n<p><b>Was muss ich beachten?<\/b><\/p>\n<p>1. Sie ben\u00f6tigen ein g\u00fcltiges Ausweisdokument.<\/p>\n<p>2. Sie bestimmen bei der Bestellung, wer die Lieferung entgegennehmen soll und nur diese Person kann dann die Bestellung annehmen.<\/p>\n<p>3. Kontrollieren Sie bitte die Unversehrtheit Ihrer Sendung bei Erhalt! Verweigern Sie die Annahme von einem ge\u00f6ffneten oder besch\u00e4digten Paket.<\/p>\n<p><b>Bitte beachten Sie:<\/b><br \/>Beim Versand mit DHL Ident-Check werden gem\u00e4\u00df den Richtlinien von DHL (technische Gr\u00fcnde) nur deutsche Ausweisdokumente f\u00fcr die Identifikation akzeptiert.<\/p>\n<p><b>Was passiert, wenn ich die Lieferung verpasse?<\/b><br \/>Ihr Paket wird an eine DHL Filiale geliefert, in der Sie es anschlie\u00dfend abholen k\u00f6nnen.<\/p>\n<h2>Zahlungsm\u00f6glichkeiten<\/h2>\n<p>                Welche Zahlungsarten sind m\u00f6glich?<\/p>\n<p>Sie k\u00f6nnen bequem und einfach bei uns mit Debit\/Kreditkarte oder per Rechnung bezahlen.<\/p>","protected":false},"excerpt":{"rendered":"<p>Versand &amp; Retoure Wie funktionieren Retouren? Alle Arzneimittel (insbesondere Rezepturarzneimittel, also auch Cannabisbl\u00fcten) sind gesetzlich von der Retoure ausgeschlossen. F\u00fcr n\u00e4here Informationen verweisen wir auf unsere Widerrufsbelehrung. Wohin schicke ich mein Originalrezept? Bitte senden Sie Ihr Rezept an folgende Adresse: 360Grad-ApothekeBonner Str. 23740589 D\u00fcsseldorf \u00a0 Das Porto \u00fcbernehmen wir f\u00fcr Sie. Nutzen Sie hierf\u00fcr gerne [&hellip;]<\/p>\n","protected":false},"author":4,"featured_media":0,"parent":0,"menu_order":0,"comment_status":"closed","ping_status":"closed","template":"","meta":{"_acf_changed":false,"footnotes":""},"class_list":["post-1017","page","type-page","status-publish","hentry"],"acf":[],"yoast_head":"<!-- This site is optimized with the Yoast SEO plugin v26.9 - https:\/\/yoast.com\/product\/yoast-seo-wordpress\/ -->\n<title>Versand &amp; Bezahlung - Cannabis Apotheke - Cannabis auf Rezept | Mycannabis.de<\/title>\n<meta name=\"robots\" content=\"noindex, follow, max-snippet:-1, max-image-preview:large, max-video-preview:-1\" \/>\n<meta property=\"og:locale\" content=\"de_DE\" \/>\n<meta property=\"og:type\" content=\"article\" \/>\n<meta property=\"og:title\" content=\"Versand &amp; Bezahlung - Cannabis Apotheke - Cannabis auf Rezept | Mycannabis.de\" \/>\n<meta property=\"og:description\" content=\"Versand &amp; Retoure Wie funktionieren Retouren? Alle Arzneimittel (insbesondere Rezepturarzneimittel, also auch Cannabisbl\u00fcten) sind gesetzlich von der Retoure ausgeschlossen. F\u00fcr n\u00e4here Informationen verweisen wir auf unsere Widerrufsbelehrung. Wohin schicke ich mein Originalrezept? Bitte senden Sie Ihr Rezept an folgende Adresse: 360Grad-ApothekeBonner Str. 23740589 D\u00fcsseldorf \u00a0 Das Porto \u00fcbernehmen wir f\u00fcr Sie. Nutzen Sie hierf\u00fcr gerne [&hellip;]\" \/>\n<meta property=\"og:url\" content=\"https:\/\/ch.mycannabisofficial.com\/de_ch\/versand-bezahlung\/\" \/>\n<meta property=\"og:site_name\" content=\"Cannabis Apotheke - Cannabis auf Rezept | Mycannabis.de\" \/>\n<meta property=\"article:modified_time\" content=\"2024-07-09T13:35:24+00:00\" \/>\n<meta name=\"twitter:card\" content=\"summary_large_image\" \/>\n<meta name=\"twitter:label1\" content=\"Est. reading time\" \/>\n\t<meta name=\"twitter:data1\" content=\"3 minutes\" \/>\n<script type=\"application\/ld+json\" class=\"yoast-schema-graph\">{\"@context\":\"https:\/\/schema.org\",\"@graph\":[{\"@type\":\"WebPage\",\"@id\":\"https:\/\/ch.mycannabisofficial.com\/versand-bezahlung\/\",\"url\":\"https:\/\/ch.mycannabisofficial.com\/versand-bezahlung\/\",\"name\":\"Versand & Bezahlung - Cannabis Apotheke - Cannabis auf Rezept | Mycannabis.de\",\"isPartOf\":{\"@id\":\"https:\/\/ch.mycannabisofficial.com\/#website\"},\"datePublished\":\"2023-02-17T11:24:31+00:00\",\"dateModified\":\"2024-07-09T13:35:24+00:00\",\"breadcrumb\":{\"@id\":\"https:\/\/ch.mycannabisofficial.com\/versand-bezahlung\/#breadcrumb\"},\"inLanguage\":\"de-CH\",\"potentialAction\":[{\"@type\":\"ReadAction\",\"target\":[\"https:\/\/ch.mycannabisofficial.com\/versand-bezahlung\/\"]}]},{\"@type\":\"BreadcrumbList\",\"@id\":\"https:\/\/ch.mycannabisofficial.com\/versand-bezahlung\/#breadcrumb\",\"itemListElement\":[{\"@type\":\"ListItem\",\"position\":1,\"name\":\"Home\",\"item\":\"https:\/\/ch.mycannabisofficial.com\/\"},{\"@type\":\"ListItem\",\"position\":2,\"name\":\"Versand &#038; Bezahlung\"}]},{\"@type\":\"WebSite\",\"@id\":\"https:\/\/ch.mycannabisofficial.com\/#website\",\"url\":\"https:\/\/ch.mycannabisofficial.com\/\",\"name\":\"Cannabis Apotheke - Cannabis auf Rezept | Mycannabis.de\",\"description\":\"Cannabis aus der Apotheke: L\u00f6sen Sie ihr Cannabisrezept online schnell &amp; einfach ein &amp; wir liefern es Ihnen bequem nach Hause. Mit Telefonberatung | Kostenloser Versand in Deutschland.\",\"publisher\":{\"@id\":\"https:\/\/ch.mycannabisofficial.com\/#organization\"},\"potentialAction\":[{\"@type\":\"SearchAction\",\"target\":{\"@type\":\"EntryPoint\",\"urlTemplate\":\"https:\/\/ch.mycannabisofficial.com\/?s={search_term_string}\"},\"query-input\":{\"@type\":\"PropertyValueSpecification\",\"valueRequired\":true,\"valueName\":\"search_term_string\"}}],\"inLanguage\":\"de-CH\"},{\"@type\":\"Organization\",\"@id\":\"https:\/\/ch.mycannabisofficial.com\/#organization\",\"name\":\"Cannabis Apotheke - Cannabis auf Rezept | Mycannabis.de\",\"url\":\"https:\/\/ch.mycannabisofficial.com\/\",\"logo\":{\"@type\":\"ImageObject\",\"inLanguage\":\"de-CH\",\"@id\":\"https:\/\/ch.mycannabisofficial.com\/#\/schema\/logo\/image\/\",\"url\":\"https:\/\/ch.mycannabisofficial.com\/wp-content\/uploads\/sites\/5\/2023\/06\/cropped-Mycannabis-DE-Logo-Master_Outlined-1.png\",\"contentUrl\":\"https:\/\/ch.mycannabisofficial.com\/wp-content\/uploads\/sites\/5\/2023\/06\/cropped-Mycannabis-DE-Logo-Master_Outlined-1.png\",\"width\":1920,\"height\":720,\"caption\":\"Cannabis Apotheke - Cannabis auf Rezept | Mycannabis.de\"},\"image\":{\"@id\":\"https:\/\/ch.mycannabisofficial.com\/#\/schema\/logo\/image\/\"}}]}<\/script>\n<!-- \/ Yoast SEO plugin. -->","yoast_head_json":{"title":"Versand & Bezahlung - Cannabis Apotheke - Cannabis auf Rezept | Mycannabis.de","robots":{"index":"noindex","follow":"follow","max-snippet":"max-snippet:-1","max-image-preview":"max-image-preview:large","max-video-preview":"max-video-preview:-1"},"og_locale":"de_DE","og_type":"article","og_title":"Versand & Bezahlung - Cannabis Apotheke - Cannabis auf Rezept | Mycannabis.de","og_description":"Versand &amp; Retoure Wie funktionieren Retouren? Alle Arzneimittel (insbesondere Rezepturarzneimittel, also auch Cannabisbl\u00fcten) sind gesetzlich von der Retoure ausgeschlossen. F\u00fcr n\u00e4here Informationen verweisen wir auf unsere Widerrufsbelehrung. Wohin schicke ich mein Originalrezept? Bitte senden Sie Ihr Rezept an folgende Adresse: 360Grad-ApothekeBonner Str. 23740589 D\u00fcsseldorf \u00a0 Das Porto \u00fcbernehmen wir f\u00fcr Sie. Nutzen Sie hierf\u00fcr gerne [&hellip;]","og_url":"https:\/\/ch.mycannabisofficial.com\/de_ch\/versand-bezahlung\/","og_site_name":"Cannabis Apotheke - Cannabis auf Rezept | Mycannabis.de","article_modified_time":"2024-07-09T13:35:24+00:00","twitter_card":"summary_large_image","twitter_misc":{"Est. reading time":"3 minutes"},"schema":{"@context":"https:\/\/schema.org","@graph":[{"@type":"WebPage","@id":"https:\/\/ch.mycannabisofficial.com\/versand-bezahlung\/","url":"https:\/\/ch.mycannabisofficial.com\/versand-bezahlung\/","name":"Versand & Bezahlung - Cannabis Apotheke - Cannabis auf Rezept | Mycannabis.de","isPartOf":{"@id":"https:\/\/ch.mycannabisofficial.com\/#website"},"datePublished":"2023-02-17T11:24:31+00:00","dateModified":"2024-07-09T13:35:24+00:00","breadcrumb":{"@id":"https:\/\/ch.mycannabisofficial.com\/versand-bezahlung\/#breadcrumb"},"inLanguage":"de-CH","potentialAction":[{"@type":"ReadAction","target":["https:\/\/ch.mycannabisofficial.com\/versand-bezahlung\/"]}]},{"@type":"BreadcrumbList","@id":"https:\/\/ch.mycannabisofficial.com\/versand-bezahlung\/#breadcrumb","itemListElement":[{"@type":"ListItem","position":1,"name":"Home","item":"https:\/\/ch.mycannabisofficial.com\/"},{"@type":"ListItem","position":2,"name":"Versand &#038; Bezahlung"}]},{"@type":"WebSite","@id":"https:\/\/ch.mycannabisofficial.com\/#website","url":"https:\/\/ch.mycannabisofficial.com\/","name":"Cannabis Apotheke - Cannabis auf Rezept | Mycannabis.de","description":"Cannabis aus der Apotheke: L\u00f6sen Sie ihr Cannabisrezept online schnell &amp; einfach ein &amp; wir liefern es Ihnen bequem nach Hause. Mit Telefonberatung | Kostenloser Versand in Deutschland.","publisher":{"@id":"https:\/\/ch.mycannabisofficial.com\/#organization"},"potentialAction":[{"@type":"SearchAction","target":{"@type":"EntryPoint","urlTemplate":"https:\/\/ch.mycannabisofficial.com\/?s={search_term_string}"},"query-input":{"@type":"PropertyValueSpecification","valueRequired":true,"valueName":"search_term_string"}}],"inLanguage":"de-CH"},{"@type":"Organization","@id":"https:\/\/ch.mycannabisofficial.com\/#organization","name":"Cannabis Apotheke - Cannabis auf Rezept | Mycannabis.de","url":"https:\/\/ch.mycannabisofficial.com\/","logo":{"@type":"ImageObject","inLanguage":"de-CH","@id":"https:\/\/ch.mycannabisofficial.com\/#\/schema\/logo\/image\/","url":"https:\/\/ch.mycannabisofficial.com\/wp-content\/uploads\/sites\/5\/2023\/06\/cropped-Mycannabis-DE-Logo-Master_Outlined-1.png","contentUrl":"https:\/\/ch.mycannabisofficial.com\/wp-content\/uploads\/sites\/5\/2023\/06\/cropped-Mycannabis-DE-Logo-Master_Outlined-1.png","width":1920,"height":720,"caption":"Cannabis Apotheke - Cannabis auf Rezept | Mycannabis.de"},"image":{"@id":"https:\/\/ch.mycannabisofficial.com\/#\/schema\/logo\/image\/"}}]}},"_links":{"self":[{"href":"https:\/\/ch.mycannabisofficial.com\/de_ch\/wp-json\/wp\/v2\/pages\/1017","targetHints":{"allow":["GET"]}}],"collection":[{"href":"https:\/\/ch.mycannabisofficial.com\/de_ch\/wp-json\/wp\/v2\/pages"}],"about":[{"href":"https:\/\/ch.mycannabisofficial.com\/de_ch\/wp-json\/wp\/v2\/types\/page"}],"author":[{"embeddable":true,"href":"https:\/\/ch.mycannabisofficial.com\/de_ch\/wp-json\/wp\/v2\/users\/4"}],"replies":[{"embeddable":true,"href":"https:\/\/ch.mycannabisofficial.com\/de_ch\/wp-json\/wp\/v2\/comments?post=1017"}],"version-history":[{"count":0,"href":"https:\/\/ch.mycannabisofficial.com\/de_ch\/wp-json\/wp\/v2\/pages\/1017\/revisions"}],"wp:attachment":[{"href":"https:\/\/ch.mycannabisofficial.com\/de_ch\/wp-json\/wp\/v2\/media?parent=1017"}],"curies":[{"name":"wp","href":"https:\/\/api.w.org\/{rel}","templated":true}]}}